{"id":150,"date":"2025-05-27T19:33:49","date_gmt":"2025-05-27T17:33:49","guid":{"rendered":"https:\/\/hotelvistalagunabacalar.com\/contact\/"},"modified":"2025-08-02T04:21:25","modified_gmt":"2025-08-02T02:21:25","slug":"contact","status":"publish","type":"page","link":"https:\/\/hotelvistalagunabacalar.com\/en\/contact\/","title":{"rendered":"Find us"},"content":{"rendered":"<div data-elementor-type=\"wp-page\" data-elementor-id=\"150\" class=\"elementor elementor-150\" data-elementor-post-type=\"page\">\n\t\t\t\t<div class=\"elementor-element elementor-element-b1b84b6 e-flex e-con-boxed e-con e-parent\" data-id=\"b1b84b6\" data-element_type=\"container\" data-settings=\"{&quot;background_background&quot;:&quot;classic&quot;,&quot;background_motion_fx_motion_fx_scrolling&quot;:&quot;yes&quot;,&quot;background_motion_fx_translateY_effect&quot;:&quot;yes&quot;,&quot;background_motion_fx_translateY_speed&quot;:{&quot;unit&quot;:&quot;px&quot;,&quot;size&quot;:4,&quot;sizes&quot;:[]},&quot;background_motion_fx_translateY_affectedRange&quot;:{&quot;unit&quot;:&quot;%&quot;,&quot;size&quot;:&quot;&quot;,&quot;sizes&quot;:{&quot;start&quot;:0,&quot;end&quot;:100}},&quot;background_motion_fx_devices&quot;:[&quot;desktop&quot;,&quot;tablet&quot;,&quot;mobile&quot;]}\">\n\t\t\t\t\t<div class=\"e-con-inner\">\n\t\t<div class=\"elementor-element elementor-element-3a98992 e-con-full e-flex e-con e-child\" data-id=\"3a98992\" data-element_type=\"container\">\n\t\t\t\t<div class=\"elementor-element elementor-element-9014ec3 elementor-widget elementor-widget-heading\" data-id=\"9014ec3\" data-element_type=\"widget\" data-widget_type=\"heading.default\">\n\t\t\t\t<div class=\"elementor-widget-container\">\n\t\t\t\t\t<h2 class=\"elementor-heading-title elementor-size-default\">Ready to wake up by the lagoon?<\/h2>\t\t\t\t<\/div>\n\t\t\t\t<\/div>\n\t\t\t\t<div class=\"elementor-element elementor-element-80c5465 elementor-widget elementor-widget-text-editor\" data-id=\"80c5465\" data-element_type=\"widget\" data-widget_type=\"text-editor.default\">\n\t\t\t\t<div class=\"elementor-widget-container\">\n\t\t\t\t\t\t\t\t\t<p data-start=\"485\" data-end=\"589\">We're here to help you plan your perfect stay.<\/p>\t\t\t\t\t\t\t\t<\/div>\n\t\t\t\t<\/div>\n\t\t\t\t<\/div>\n\t\t\t\t\t<\/div>\n\t\t\t\t<\/div>\n\t\t<div class=\"elementor-element elementor-element-2793540 e-flex e-con-boxed e-con e-parent\" data-id=\"2793540\" data-element_type=\"container\" data-settings=\"{&quot;background_background&quot;:&quot;classic&quot;}\">\n\t\t\t\t\t<div class=\"e-con-inner\">\n\t\t<div class=\"elementor-element elementor-element-506919e e-con-full e-flex e-con e-child\" data-id=\"506919e\" data-element_type=\"container\">\n\t\t\t\t<div class=\"elementor-element elementor-element-201b3ea elementor-widget elementor-widget-heading\" data-id=\"201b3ea\" data-element_type=\"widget\" data-widget_type=\"heading.default\">\n\t\t\t\t<div class=\"elementor-widget-container\">\n\t\t\t\t\t<h6 class=\"elementor-heading-title elementor-size-default\">Ubication<\/h6>\t\t\t\t<\/div>\n\t\t\t\t<\/div>\n\t\t\t\t<div class=\"elementor-element elementor-element-edcb4d3 elementor-widget elementor-widget-heading\" data-id=\"edcb4d3\" data-element_type=\"widget\" data-widget_type=\"heading.default\">\n\t\t\t\t<div class=\"elementor-widget-container\">\n\t\t\t\t\t<h4 class=\"elementor-heading-title elementor-size-default\">Carretera Federal Bacalar - Xtomoc Regi\u00f3n 14 Manzana 84 Lote 47 Mario Villanueva, Cancun - Chetumal 4815, 77930 Bacalar, Q.R.<\/h4>\t\t\t\t<\/div>\n\t\t\t\t<\/div>\n\t\t\t\t<div class=\"elementor-element elementor-element-6c0f24d elementor-widget elementor-widget-heading\" data-id=\"6c0f24d\" data-element_type=\"widget\" data-widget_type=\"heading.default\">\n\t\t\t\t<div class=\"elementor-widget-container\">\n\t\t\t\t\t<h6 class=\"elementor-heading-title elementor-size-default\">Contact<\/h6>\t\t\t\t<\/div>\n\t\t\t\t<\/div>\n\t\t\t\t<div class=\"elementor-element elementor-element-8db7e3a elementor-widget elementor-widget-heading\" data-id=\"8db7e3a\" data-element_type=\"widget\" data-widget_type=\"heading.default\">\n\t\t\t\t<div class=\"elementor-widget-container\">\n\t\t\t\t\t<h4 class=\"elementor-heading-title elementor-size-default\">+52 (983)1415577<\/h4>\t\t\t\t<\/div>\n\t\t\t\t<\/div>\n\t\t\t\t<div class=\"elementor-element elementor-element-b23bd0a elementor-widget elementor-widget-heading\" data-id=\"b23bd0a\" data-element_type=\"widget\" data-widget_type=\"heading.default\">\n\t\t\t\t<div class=\"elementor-widget-container\">\n\t\t\t\t\t<h4 class=\"elementor-heading-title elementor-size-default\">hotelvistalagunabacalar@gmail.com<\/h4>\t\t\t\t<\/div>\n\t\t\t\t<\/div>\n\t\t\t\t<div class=\"elementor-element elementor-element-5005bed elementor-widget elementor-widget-heading\" data-id=\"5005bed\" data-element_type=\"widget\" data-widget_type=\"heading.default\">\n\t\t\t\t<div class=\"elementor-widget-container\">\n\t\t\t\t\t<h6 class=\"elementor-heading-title elementor-size-default\">Follow us<\/h6>\t\t\t\t<\/div>\n\t\t\t\t<\/div>\n\t\t\t\t<div class=\"elementor-element elementor-element-581e817 elementor-grid-4 e-grid-align-left elementor-shape-rounded elementor-widget elementor-widget-social-icons\" data-id=\"581e817\" data-element_type=\"widget\" data-widget_type=\"social-icons.default\">\n\t\t\t\t<div class=\"elementor-widget-container\">\n\t\t\t\t\t\t\t<div class=\"elementor-social-icons-wrapper elementor-grid\" role=\"list\">\n\t\t\t\t\t\t\t<span class=\"elementor-grid-item\" role=\"listitem\">\n\t\t\t\t\t<a class=\"elementor-icon elementor-social-icon elementor-social-icon-instagram elementor-repeater-item-c332c44\" href=\"https:\/\/www.instagram.com\/hotelvistalagunabacalar?igsh=ZG1kbHlvazdtMmVj\" target=\"_blank\">\n\t\t\t\t\t\t<span class=\"elementor-screen-only\">Instagram<\/span>\n\t\t\t\t\t\t<svg class=\"e-font-icon-svg e-fab-instagram\" viewbox=\"0 0 448 512\" xmlns=\"http:\/\/www.w3.org\/2000\/svg\"><path d=\"M224.1 141c-63.6 0-114.9 51.3-114.9 114.9s51.3 114.9 114.9 114.9S339 319.5 339 255.9 287.7 141 224.1 141zm0 189.6c-41.1 0-74.7-33.5-74.7-74.7s33.5-74.7 74.7-74.7 74.7 33.5 74.7 74.7-33.6 74.7-74.7 74.7zm146.4-194.3c0 14.9-12 26.8-26.8 26.8-14.9 0-26.8-12-26.8-26.8s12-26.8 26.8-26.8 26.8 12 26.8 26.8zm76.1 27.2c-1.7-35.9-9.9-67.7-36.2-93.9-26.2-26.2-58-34.4-93.9-36.2-37-2.1-147.9-2.1-184.9 0-35.8 1.7-67.6 9.9-93.9 36.1s-34.4 58-36.2 93.9c-2.1 37-2.1 147.9 0 184.9 1.7 35.9 9.9 67.7 36.2 93.9s58 34.4 93.9 36.2c37 2.1 147.9 2.1 184.9 0 35.9-1.7 67.7-9.9 93.9-36.2 26.2-26.2 34.4-58 36.2-93.9 2.1-37 2.1-147.8 0-184.8zM398.8 388c-7.8 19.6-22.9 34.7-42.6 42.6-29.5 11.7-99.5 9-132.1 9s-102.7 2.6-132.1-9c-19.6-7.8-34.7-22.9-42.6-42.6-11.7-29.5-9-99.5-9-132.1s-2.6-102.7 9-132.1c7.8-19.6 22.9-34.7 42.6-42.6 29.5-11.7 99.5-9 132.1-9s102.7-2.6 132.1 9c19.6 7.8 34.7 22.9 42.6 42.6 11.7 29.5 9 99.5 9 132.1s2.7 102.7-9 132.1z\"><\/path><\/svg>\t\t\t\t\t<\/a>\n\t\t\t\t<\/span>\n\t\t\t\t\t\t\t<span class=\"elementor-grid-item\" role=\"listitem\">\n\t\t\t\t\t<a class=\"elementor-icon elementor-social-icon elementor-social-icon-facebook elementor-repeater-item-80d0fd7\" href=\"https:\/\/www.facebook.com\/share\/16avjRWXfR\/?mibextid=LQQJ4d\" target=\"_blank\">\n\t\t\t\t\t\t<span class=\"elementor-screen-only\">Facebook<\/span>\n\t\t\t\t\t\t<svg class=\"e-font-icon-svg e-fab-facebook\" viewbox=\"0 0 512 512\" xmlns=\"http:\/\/www.w3.org\/2000\/svg\"><path d=\"M504 256C504 119 393 8 256 8S8 119 8 256c0 123.78 90.69 226.38 209.25 245V327.69h-63V256h63v-54.64c0-62.15 37-96.48 93.67-96.48 27.14 0 55.52 4.84 55.52 4.84v61h-31.28c-30.8 0-40.41 19.12-40.41 38.73V256h68.78l-11 71.69h-57.78V501C413.31 482.38 504 379.78 504 256z\"><\/path><\/svg>\t\t\t\t\t<\/a>\n\t\t\t\t<\/span>\n\t\t\t\t\t\t\t<span class=\"elementor-grid-item\" role=\"listitem\">\n\t\t\t\t\t<a class=\"elementor-icon elementor-social-icon elementor-social-icon-envelope elementor-repeater-item-c2df2df\" href=\"mailto:hotelvistalagunabacalar@gmail.com\u200b\" target=\"_blank\">\n\t\t\t\t\t\t<span class=\"elementor-screen-only\">Envelope<\/span>\n\t\t\t\t\t\t<svg class=\"e-font-icon-svg e-fas-envelope\" viewbox=\"0 0 512 512\" xmlns=\"http:\/\/www.w3.org\/2000\/svg\"><path d=\"M502.3 190.8c3.9-3.1 9.7-.2 9.7 4.7V400c0 26.5-21.5 48-48 48H48c-26.5 0-48-21.5-48-48V195.6c0-5 5.7-7.8 9.7-4.7 22.4 17.4 52.1 39.5 154.1 113.6 21.1 15.4 56.7 47.8 92.2 47.6 35.7.3 72-32.8 92.3-47.6 102-74.1 131.6-96.3 154-113.7zM256 320c23.2.4 56.6-29.2 73.4-41.4 132.7-96.3 142.8-104.7 173.4-128.7 5.8-4.5 9.2-11.5 9.2-18.9v-19c0-26.5-21.5-48-48-48H48C21.5 64 0 85.5 0 112v19c0 7.4 3.4 14.3 9.2 18.9 30.6 23.9 40.7 32.4 173.4 128.7 16.8 12.2 50.2 41.8 73.4 41.4z\"><\/path><\/svg>\t\t\t\t\t<\/a>\n\t\t\t\t<\/span>\n\t\t\t\t\t<\/div>\n\t\t\t\t\t\t<\/div>\n\t\t\t\t<\/div>\n\t\t\t\t<\/div>\n\t\t<div class=\"elementor-element elementor-element-a943d4a e-con-full e-flex e-con e-child\" data-id=\"a943d4a\" data-element_type=\"container\">\n\t\t\t\t<div class=\"elementor-element elementor-element-6d94c28 elementor-widget elementor-widget-google_maps\" data-id=\"6d94c28\" data-element_type=\"widget\" data-widget_type=\"google_maps.default\">\n\t\t\t\t<div class=\"elementor-widget-container\">\n\t\t\t\t\t\t\t<div class=\"elementor-custom-embed\">\n\t\t\t<iframe loading=\"lazy\"\n\t\t\t\t\tsrc=\"https:\/\/maps.google.com\/maps?q=Carretera%20Federal%20Bacalar%20-%20Xtomoc%20Regi%C3%B3n%2014%20Manzana%2084%20Lote%2047%20Mario%20Villanueva%2C%20Cancun%20-%20Chetumal%204815%2C%2077930%20Bacalar%2C%20Q.R.&#038;t=m&#038;z=11&#038;output=embed&#038;iwloc=near\"\n\t\t\t\t\ttitle=\"Carretera Federal Bacalar - Xtomoc Regi\u00f3n 14 Manzana 84 Lote 47 Mario Villanueva, Cancun - Chetumal 4815, 77930 Bacalar, Q.R.\"\n\t\t\t\t\taria-label=\"Carretera Federal Bacalar - Xtomoc Regi\u00f3n 14 Manzana 84 Lote 47 Mario Villanueva, Cancun - Chetumal 4815, 77930 Bacalar, Q.R.\"\n\t\t\t><\/iframe>\n\t\t<\/div>\n\t\t\t\t\t\t<\/div>\n\t\t\t\t<\/div>\n\t\t\t\t<\/div>\n\t\t\t\t\t<\/div>\n\t\t\t\t<\/div>\n\t\t<div class=\"elementor-element elementor-element-7da4472 e-flex e-con-boxed e-con e-parent\" data-id=\"7da4472\" data-element_type=\"container\">\n\t\t\t\t\t<div class=\"e-con-inner\">\n\t\t\t\t<div class=\"elementor-element elementor-element-b671835 elementor-widget elementor-widget-button\" data-id=\"b671835\" data-element_type=\"widget\" data-widget_type=\"button.default\">\n\t\t\t\t<div class=\"elementor-widget-container\">\n\t\t\t\t\t\t\t\t\t<div class=\"elementor-button-wrapper\">\n\t\t\t\t\t<a class=\"elementor-button elementor-button-link elementor-size-sm\" href=\"https:\/\/hotelvistalagunabacalar.com\/en\/rooms-2\/comentarios\/\">\n\t\t\t\t\t\t<span class=\"elementor-button-content-wrapper\">\n\t\t\t\t\t\t\t\t\t<span class=\"elementor-button-text\">Your opinion is very important!<\/span>\n\t\t\t\t\t<\/span>\n\t\t\t\t\t<\/a>\n\t\t\t\t<\/div>\n\t\t\t\t\t\t\t\t<\/div>\n\t\t\t\t<\/div>\n\t\t\t\t\t<\/div>\n\t\t\t\t<\/div>\n\t\t\t\t<\/div>","protected":false},"excerpt":{"rendered":"<p>\u00bfListo para despertar junto a la laguna? Estamos aqu\u00ed para ayudarte a planear tu estad\u00eda perfecta. Ubicaci\u00f3n Carretera Federal Bacalar &#8211; Xtomoc Regi\u00f3n 14 Manzana 84 Lote 47 Mario Villanueva, Cancun &#8211; Chetumal 4815, 77930 Bacalar, Q.R. Contacto +52 (983)1415577 hotelvistalagunabacalar@gmail.com Siguenos Instagram Facebook Envelope \u00a1T\u00fa opini\u00f3n es muy importante!<\/p>","protected":false},"author":1,"featured_media":0,"parent":0,"menu_order":0,"comment_status":"closed","ping_status":"closed","template":"","meta":{"_surecart_dashboard_logo_width":"180px","_surecart_dashboard_show_logo":true,"_surecart_dashboard_navigation_orders":true,"_surecart_dashboard_navigation_invoices":true,"_surecart_dashboard_navigation_subscriptions":true,"_surecart_dashboard_navigation_downloads":true,"_surecart_dashboard_navigation_billing":true,"_surecart_dashboard_navigation_account":true,"site-sidebar-layout":"no-sidebar","site-content-layout":"page-builder","ast-site-content-layout":"full-width-container","site-content-style":"unboxed","site-sidebar-style":"unboxed","ast-global-header-display":"","ast-banner-title-visibility":"","ast-main-header-display":"","ast-hfb-above-header-display":"","ast-hfb-below-header-display":"","ast-hfb-mobile-header-display":"","site-post-title":"disabled","ast-breadcrumbs-content":"","ast-featured-img":"disabled","footer-sml-layout":"","theme-transparent-header-meta":"enabled","adv-header-id-meta":"","stick-header-meta":"","header-above-stick-meta":"","header-main-stick-meta":"","header-below-stick-meta":"","astra-migrate-meta-layouts":"set","ast-page-background-enabled":"default","ast-page-background-meta":{"desktop":{"background-color":"","background-image":"","background-repeat":"repeat","background-position":"center center","background-size":"auto","background-attachment":"scroll","background-type":"","background-media":"","overlay-type":"","overlay-color":"","overlay-opacity":"","overlay-gradient":""},"tablet":{"background-color":"","background-image":"","background-repeat":"repeat","background-position":"center center","background-size":"auto","background-attachment":"scroll","background-type":"","background-media":"","overlay-type":"","overlay-color":"","overlay-opacity":"","overlay-gradient":""},"mobile":{"background-color":"","background-image":"","background-repeat":"repeat","background-position":"center center","background-size":"auto","background-attachment":"scroll","background-type":"","background-media":"","overlay-type":"","overlay-color":"","overlay-opacity":"","overlay-gradient":""}},"ast-content-background-meta":{"desktop":{"background-color":"var(--ast-global-color-5)","background-image":"","background-repeat":"repeat","background-position":"center center","background-size":"auto","background-attachment":"scroll","background-type":"","background-media":"","overlay-type":"","overlay-color":"","overlay-opacity":"","overlay-gradient":""},"tablet":{"background-color":"var(--ast-global-color-5)","background-image":"","background-repeat":"repeat","background-position":"center center","background-size":"auto","background-attachment":"scroll","background-type":"","background-media":"","overlay-type":"","overlay-color":"","overlay-opacity":"","overlay-gradient":""},"mobile":{"background-color":"var(--ast-global-color-5)","background-image":"","background-repeat":"repeat","background-position":"center center","background-size":"auto","background-attachment":"scroll","background-type":"","background-media":"","overlay-type":"","overlay-color":"","overlay-opacity":"","overlay-gradient":""}},"footnotes":""},"class_list":["post-150","page","type-page","status-publish","hentry"],"yoast_head":"<!-- This site is optimized with the Yoast SEO plugin v27.2 - https:\/\/yoast.com\/product\/yoast-seo-wordpress\/ -->\n<title>Encuentranos - Hotel Vista Laguna Bacalar<\/title>\n<meta name=\"robots\" content=\"index, follow, max-snippet:-1, max-image-preview:large, max-video-preview:-1\" \/>\n<link rel=\"canonical\" href=\"https:\/\/hotelvistalagunabacalar.com\/en\/contact\/\" \/>\n<meta property=\"og:locale\" content=\"en_US\" \/>\n<meta property=\"og:type\" content=\"article\" \/>\n<meta property=\"og:title\" content=\"Encuentranos - Hotel Vista Laguna Bacalar\" \/>\n<meta property=\"og:description\" content=\"\u00bfListo para despertar junto a la laguna? Estamos aqu\u00ed para ayudarte a planear tu estad\u00eda perfecta. Ubicaci\u00f3n Carretera Federal Bacalar &#8211; Xtomoc Regi\u00f3n 14 Manzana 84 Lote 47 Mario Villanueva, Cancun &#8211; Chetumal 4815, 77930 Bacalar, Q.R. Contacto +52 (983)1415577 hotelvistalagunabacalar@gmail.com Siguenos Instagram Facebook Envelope \u00a1T\u00fa opini\u00f3n es muy importante!\" \/>\n<meta property=\"og:url\" content=\"https:\/\/hotelvistalagunabacalar.com\/en\/contact\/\" \/>\n<meta property=\"og:site_name\" content=\"Hotel Vista Laguna Bacalar\" \/>\n<meta property=\"article:modified_time\" content=\"2025-08-02T02:21:25+00:00\" \/>\n<meta property=\"og:image\" content=\"https:\/\/hotelvistalagunabacalar.com\/wp-content\/uploads\/2025\/08\/Piscina-025-1-scaled.jpeg\" \/>\n\t<meta property=\"og:image:width\" content=\"2560\" \/>\n\t<meta property=\"og:image:height\" content=\"1847\" \/>\n\t<meta property=\"og:image:type\" content=\"image\/jpeg\" \/>\n<meta name=\"twitter:card\" content=\"summary_large_image\" \/>\n<meta name=\"twitter:label1\" content=\"Est. reading time\" \/>\n\t<meta name=\"twitter:data1\" content=\"1 minute\" \/>\n<script type=\"application\/ld+json\" class=\"yoast-schema-graph\">{\"@context\":\"https:\/\/schema.org\",\"@graph\":[{\"@type\":\"WebPage\",\"@id\":\"https:\/\/hotelvistalagunabacalar.com\/contact\/\",\"url\":\"https:\/\/hotelvistalagunabacalar.com\/contact\/\",\"name\":\"Encuentranos - Hotel Vista Laguna Bacalar\",\"isPartOf\":{\"@id\":\"https:\/\/hotelvistalagunabacalar.com\/#website\"},\"datePublished\":\"2025-05-27T17:33:49+00:00\",\"dateModified\":\"2025-08-02T02:21:25+00:00\",\"breadcrumb\":{\"@id\":\"https:\/\/hotelvistalagunabacalar.com\/contact\/#breadcrumb\"},\"inLanguage\":\"en-US\",\"potentialAction\":[{\"@type\":\"ReadAction\",\"target\":[\"https:\/\/hotelvistalagunabacalar.com\/contact\/\"]}]},{\"@type\":\"BreadcrumbList\",\"@id\":\"https:\/\/hotelvistalagunabacalar.com\/contact\/#breadcrumb\",\"itemListElement\":[{\"@type\":\"ListItem\",\"position\":1,\"name\":\"Portada\",\"item\":\"https:\/\/hotelvistalagunabacalar.com\/\"},{\"@type\":\"ListItem\",\"position\":2,\"name\":\"Encuentranos\"}]},{\"@type\":\"WebSite\",\"@id\":\"https:\/\/hotelvistalagunabacalar.com\/#website\",\"url\":\"https:\/\/hotelvistalagunabacalar.com\/\",\"name\":\"Hotel Vista Laguna Bacalar\",\"description\":\"Sitio Oficial | Hotel frente a la Laguna de los Siete Colores\",\"publisher\":{\"@id\":\"https:\/\/hotelvistalagunabacalar.com\/#organization\"},\"potentialAction\":[{\"@type\":\"SearchAction\",\"target\":{\"@type\":\"EntryPoint\",\"urlTemplate\":\"https:\/\/hotelvistalagunabacalar.com\/?s={search_term_string}\"},\"query-input\":{\"@type\":\"PropertyValueSpecification\",\"valueRequired\":true,\"valueName\":\"search_term_string\"}}],\"inLanguage\":\"en-US\"},{\"@type\":\"Organization\",\"@id\":\"https:\/\/hotelvistalagunabacalar.com\/#organization\",\"name\":\"Hotel Vista Laguna Bacalar\",\"url\":\"https:\/\/hotelvistalagunabacalar.com\/\",\"logo\":{\"@type\":\"ImageObject\",\"inLanguage\":\"en-US\",\"@id\":\"https:\/\/hotelvistalagunabacalar.com\/#\/schema\/logo\/image\/\",\"url\":\"https:\/\/hotelvistalagunabacalar.com\/wp-content\/uploads\/2025\/05\/Varios-Hotel-y-Recepcion-WH-scaled.png\",\"contentUrl\":\"https:\/\/hotelvistalagunabacalar.com\/wp-content\/uploads\/2025\/05\/Varios-Hotel-y-Recepcion-WH-scaled.png\",\"width\":2560,\"height\":1710,\"caption\":\"Hotel Vista Laguna Bacalar\"},\"image\":{\"@id\":\"https:\/\/hotelvistalagunabacalar.com\/#\/schema\/logo\/image\/\"}}]}<\/script>\n<!-- \/ Yoast SEO plugin. -->","yoast_head_json":{"title":"Encuentranos - Hotel Vista Laguna Bacalar","robots":{"index":"index","follow":"follow","max-snippet":"max-snippet:-1","max-image-preview":"max-image-preview:large","max-video-preview":"max-video-preview:-1"},"canonical":"https:\/\/hotelvistalagunabacalar.com\/en\/contact\/","og_locale":"en_US","og_type":"article","og_title":"Encuentranos - Hotel Vista Laguna Bacalar","og_description":"\u00bfListo para despertar junto a la laguna? Estamos aqu\u00ed para ayudarte a planear tu estad\u00eda perfecta. Ubicaci\u00f3n Carretera Federal Bacalar &#8211; Xtomoc Regi\u00f3n 14 Manzana 84 Lote 47 Mario Villanueva, Cancun &#8211; Chetumal 4815, 77930 Bacalar, Q.R. Contacto +52 (983)1415577 hotelvistalagunabacalar@gmail.com Siguenos Instagram Facebook Envelope \u00a1T\u00fa opini\u00f3n es muy importante!","og_url":"https:\/\/hotelvistalagunabacalar.com\/en\/contact\/","og_site_name":"Hotel Vista Laguna Bacalar","article_modified_time":"2025-08-02T02:21:25+00:00","og_image":[{"width":2560,"height":1847,"url":"https:\/\/hotelvistalagunabacalar.com\/wp-content\/uploads\/2025\/08\/Piscina-025-1-scaled.jpeg","type":"image\/jpeg"}],"twitter_card":"summary_large_image","twitter_misc":{"Est. reading time":"1 minute"},"schema":{"@context":"https:\/\/schema.org","@graph":[{"@type":"WebPage","@id":"https:\/\/hotelvistalagunabacalar.com\/contact\/","url":"https:\/\/hotelvistalagunabacalar.com\/contact\/","name":"Encuentranos - Hotel Vista Laguna Bacalar","isPartOf":{"@id":"https:\/\/hotelvistalagunabacalar.com\/#website"},"datePublished":"2025-05-27T17:33:49+00:00","dateModified":"2025-08-02T02:21:25+00:00","breadcrumb":{"@id":"https:\/\/hotelvistalagunabacalar.com\/contact\/#breadcrumb"},"inLanguage":"en-US","potentialAction":[{"@type":"ReadAction","target":["https:\/\/hotelvistalagunabacalar.com\/contact\/"]}]},{"@type":"BreadcrumbList","@id":"https:\/\/hotelvistalagunabacalar.com\/contact\/#breadcrumb","itemListElement":[{"@type":"ListItem","position":1,"name":"Portada","item":"https:\/\/hotelvistalagunabacalar.com\/"},{"@type":"ListItem","position":2,"name":"Encuentranos"}]},{"@type":"WebSite","@id":"https:\/\/hotelvistalagunabacalar.com\/#website","url":"https:\/\/hotelvistalagunabacalar.com\/","name":"Hotel Vista Laguna Bacalar","description":"Sitio Oficial | Hotel frente a la Laguna de los Siete Colores","publisher":{"@id":"https:\/\/hotelvistalagunabacalar.com\/#organization"},"potentialAction":[{"@type":"SearchAction","target":{"@type":"EntryPoint","urlTemplate":"https:\/\/hotelvistalagunabacalar.com\/?s={search_term_string}"},"query-input":{"@type":"PropertyValueSpecification","valueRequired":true,"valueName":"search_term_string"}}],"inLanguage":"en-US"},{"@type":"Organization","@id":"https:\/\/hotelvistalagunabacalar.com\/#organization","name":"Hotel Vista Laguna Bacalar","url":"https:\/\/hotelvistalagunabacalar.com\/","logo":{"@type":"ImageObject","inLanguage":"en-US","@id":"https:\/\/hotelvistalagunabacalar.com\/#\/schema\/logo\/image\/","url":"https:\/\/hotelvistalagunabacalar.com\/wp-content\/uploads\/2025\/05\/Varios-Hotel-y-Recepcion-WH-scaled.png","contentUrl":"https:\/\/hotelvistalagunabacalar.com\/wp-content\/uploads\/2025\/05\/Varios-Hotel-y-Recepcion-WH-scaled.png","width":2560,"height":1710,"caption":"Hotel Vista Laguna Bacalar"},"image":{"@id":"https:\/\/hotelvistalagunabacalar.com\/#\/schema\/logo\/image\/"}}]}},"_links":{"self":[{"href":"https:\/\/hotelvistalagunabacalar.com\/en\/wp-json\/wp\/v2\/pages\/150","targetHints":{"allow":["GET"]}}],"collection":[{"href":"https:\/\/hotelvistalagunabacalar.com\/en\/wp-json\/wp\/v2\/pages"}],"about":[{"href":"https:\/\/hotelvistalagunabacalar.com\/en\/wp-json\/wp\/v2\/types\/page"}],"author":[{"embeddable":true,"href":"https:\/\/hotelvistalagunabacalar.com\/en\/wp-json\/wp\/v2\/users\/1"}],"replies":[{"embeddable":true,"href":"https:\/\/hotelvistalagunabacalar.com\/en\/wp-json\/wp\/v2\/comments?post=150"}],"version-history":[{"count":20,"href":"https:\/\/hotelvistalagunabacalar.com\/en\/wp-json\/wp\/v2\/pages\/150\/revisions"}],"predecessor-version":[{"id":1211,"href":"https:\/\/hotelvistalagunabacalar.com\/en\/wp-json\/wp\/v2\/pages\/150\/revisions\/1211"}],"wp:attachment":[{"href":"https:\/\/hotelvistalagunabacalar.com\/en\/wp-json\/wp\/v2\/media?parent=150"}],"curies":[{"name":"wp","href":"https:\/\/api.w.org\/{rel}","templated":true}]}}